{"id":133,"date":"2016-09-09T20:51:58","date_gmt":"2016-09-09T20:51:58","guid":{"rendered":"http:\/\/nosenec.cz\/?page_id=133"},"modified":"2023-01-13T22:29:01","modified_gmt":"2023-01-13T21:29:01","slug":"prodej-satku-na-noseni-deti","status":"publish","type":"page","link":"https:\/\/nosenec.cz\/?page_id=133","title":{"rendered":"P\u016fj\u010dovna \u0161\u00e1tk\u016f"},"content":{"rendered":"<p><strong>Mo\u017enost zap\u016fj\u010den\u00ed t\u011bchto \u0161\u00e1tk\u016f ze 100% bavlny<\/strong>:<\/p>\n<ul>\n<li>\u0160anami Pomn\u011bnka 4,2 m (vel.5)<\/li>\n<li>Storchenwiege Anna 4,6 m (vel. 6)<\/li>\n<li>Little Frog Amethyst (vel.5-6)<\/li>\n<li>Little Frog Sugilite (vel. 7)<\/li>\n<li>elastick\u00fd Moby wrap v\u00ednov\u00fd 5,5 m<\/li>\n<\/ul>\n<p>Cena p\u016fj\u010dovn\u00e9ho je <strong>2<\/strong><strong>00,-K\u010d\/t\u00fdden<\/strong> + vratn\u00e1 z\u00e1loha v hodnot\u011b \u0161\u00e1tku (1000-1500,-K\u010d)<\/p>\n<p><a href=\"http:\/\/nosenec.cz\/wp-content\/uploads\/2016\/09\/IMG_20170408_124653_1.jpg\"><img decoding=\"async\" loading=\"lazy\" class=\"size-medium wp-image-226 aligncenter\" src=\"http:\/\/nosenec.cz\/wp-content\/uploads\/2016\/09\/IMG_20170408_124653_1-300x225.jpg\" alt=\"dav\" width=\"300\" height=\"225\" srcset=\"https:\/\/nosenec.cz\/wp-content\/uploads\/2016\/09\/IMG_20170408_124653_1-300x225.jpg 300w, https:\/\/nosenec.cz\/wp-content\/uploads\/2016\/09\/IMG_20170408_124653_1-768x576.jpg 768w, https:\/\/nosenec.cz\/wp-content\/uploads\/2016\/09\/IMG_20170408_124653_1-1024x768.jpg 1024w, https:\/\/nosenec.cz\/wp-content\/uploads\/2016\/09\/IMG_20170408_124653_1-360x270.jpg 360w\" sizes=\"(max-width: 300px) 100vw, 300px\" \/><\/a><\/p>\n","protected":false},"excerpt":{"rendered":"<p>Mo\u017enost zap\u016fj\u010den\u00ed t\u011bchto \u0161\u00e1tk\u016f ze 100% bavlny: \u0160anami Pomn\u011bnka 4,2 m (vel.5) Storchenwiege Anna 4,6 m (vel. 6) Little Frog Amethyst (vel.5-6) Little Frog Sugilite (vel. 7) elastick\u00fd Moby wrap v\u00ednov\u00fd 5,5 m Cena p\u016fj\u010dovn\u00e9ho je 200,-K\u010d\/t\u00fdden + vratn\u00e1 z\u00e1loha v hodnot\u011b \u0161\u00e1tku (1000-1500,-K\u010d)<\/p>\n","protected":false},"author":2,"featured_media":0,"parent":0,"menu_order":2,"comment_status":"closed","ping_status":"closed","template":"","meta":[],"_links":{"self":[{"href":"https:\/\/nosenec.cz\/index.php?rest_route=\/wp\/v2\/pages\/133"}],"collection":[{"href":"https:\/\/nosenec.cz\/index.php?rest_route=\/wp\/v2\/pages"}],"about":[{"href":"https:\/\/nosenec.cz\/index.php?rest_route=\/wp\/v2\/types\/page"}],"author":[{"embeddable":true,"href":"https:\/\/nosenec.cz\/index.php?rest_route=\/wp\/v2\/users\/2"}],"replies":[{"embeddable":true,"href":"https:\/\/nosenec.cz\/index.php?rest_route=%2Fwp%2Fv2%2Fcomments&post=133"}],"version-history":[{"count":16,"href":"https:\/\/nosenec.cz\/index.php?rest_route=\/wp\/v2\/pages\/133\/revisions"}],"predecessor-version":[{"id":288,"href":"https:\/\/nosenec.cz\/index.php?rest_route=\/wp\/v2\/pages\/133\/revisions\/288"}],"wp:attachment":[{"href":"https:\/\/nosenec.cz\/index.php?rest_route=%2Fwp%2Fv2%2Fmedia&parent=133"}],"curies":[{"name":"wp","href":"https:\/\/api.w.org\/{rel}","templated":true}]}}